{"id":2563,"date":"2016-09-13T07:30:48","date_gmt":"2016-09-13T07:30:48","guid":{"rendered":"http:\/\/bllogistica.com\/?page_id=2563"},"modified":"2021-02-23T05:13:02","modified_gmt":"2021-02-23T05:13:02","slug":"contato","status":"publish","type":"page","link":"https:\/\/bllogistica.com\/?page_id=2563","title":{"rendered":"Contato"},"content":{"rendered":"<p>[vc_row layout=&#8221;container&#8221; css=&#8221;.vc_custom_1473751839006{margin-top: 70px !important;}&#8221;][vc_column][g5plus_heading title=&#8221;ENTRAR EM CONTATO&#8221; heading_full=&#8221;&#8221; align=&#8221;center&#8221; frame_color=&#8221;#f9f9f9&#8243; color_scheme=&#8221;light&#8221;][vc_column_text el_class=&#8221;max-width-800 text-center line-30&#8243; css=&#8221;.vc_custom_1613877815122{margin-top: 20px !important;}&#8221;]Nos mande um e-mail, solicite uma cota\u00e7\u00e3o para o servi\u00e7o que desejar.[\/vc_column_text][vc_column_text css=&#8221;.vc_custom_1473751826467{margin-top: 45px !important;}&#8221;]<div role=\"form\" class=\"wpcf7\" id=\"wpcf7-f2358-o1\" lang=\"en-US\" dir=\"ltr\">\n<div class=\"screen-reader-response\"><p role=\"status\" aria-live=\"polite\" aria-atomic=\"true\"><\/p> <ul><\/ul><\/div>\n<form action=\"\/index.php?rest_route=%2Fwp%2Fv2%2Fpages%2F2563#wpcf7-f2358-o1\" method=\"post\" class=\"wpcf7-form init\" novalidate=\"novalidate\" data-status=\"init\">\n<div style=\"display: none;\">\n<input type=\"hidden\" name=\"_wpcf7\" value=\"2358\" \/>\n<input type=\"hidden\" name=\"_wpcf7_version\" value=\"5.3.2\" \/>\n<input type=\"hidden\" name=\"_wpcf7_locale\" value=\"en_US\" \/>\n<input type=\"hidden\" name=\"_wpcf7_unit_tag\" value=\"wpcf7-f2358-o1\" \/>\n<input type=\"hidden\" name=\"_wpcf7_container_post\" value=\"0\" \/>\n<input type=\"hidden\" name=\"_wpcf7_posted_data_hash\" value=\"\" \/>\n<\/div>\n<div class=\"moveco-contact-form form-large\">\n    <span class=\"wpcf7-form-control-wrap first-name\"><input type=\"text\" name=\"first-name\" value=\"\" size=\"40\" class=\"wpcf7-form-control wpcf7-text wpcf7-validates-as-required moveco-first-name\" aria-required=\"true\" aria-invalid=\"false\" placeholder=\"Nome\" \/><\/span><br \/>\n    <span class=\"wpcf7-form-control-wrap last-name\"><input type=\"text\" name=\"last-name\" value=\"\" size=\"40\" class=\"wpcf7-form-control wpcf7-text wpcf7-validates-as-required moveco-last-name\" aria-required=\"true\" aria-invalid=\"false\" placeholder=\"Sobrenome\" \/><\/span><br \/>\n    <span class=\"wpcf7-form-control-wrap email\"><input type=\"email\" name=\"email\" value=\"\" size=\"40\" class=\"wpcf7-form-control wpcf7-text wpcf7-email wpcf7-validates-as-required wpcf7-validates-as-email moveco-email\" aria-required=\"true\" aria-invalid=\"false\" placeholder=\"E-mail\" \/><\/span><br \/>\n    <span class=\"wpcf7-form-control-wrap tel-21\"><input type=\"tel\" name=\"tel-21\" value=\"\" size=\"40\" class=\"wpcf7-form-control wpcf7-text wpcf7-tel wpcf7-validates-as-required wpcf7-validates-as-tel moveco-phone\" aria-required=\"true\" aria-invalid=\"false\" placeholder=\"Telefone\" \/><\/span><br \/>\n    <span class=\"wpcf7-form-control-wrap description\"><textarea name=\"description\" cols=\"40\" rows=\"10\" class=\"wpcf7-form-control wpcf7-textarea wpcf7-validates-as-required moveco-description\" aria-required=\"true\" aria-invalid=\"false\" placeholder=\"Em que posso ajudar?\"><\/textarea><\/span><br \/>\n    <input type=\"submit\" value=\"Enviar\" class=\"wpcf7-form-control wpcf7-submit moveco-submit\" \/>\n<\/div>\n<div class=\"wpcf7-response-output\" aria-hidden=\"true\"><\/div><\/form><\/div>[\/vc_column_text][\/vc_column][\/vc_row][vc_row css=&#8221;.vc_custom_1473752014906{margin-top: 60px !important;padding-top: 50px !important;padding-bottom: 50px !important;background-color: #1d3052 !important;}&#8221; el_class=&#8221;foreground-color-45&#8243;][vc_column][vc_row_inner layout=&#8221;container&#8221; el_class=&#8221;dark-layout&#8221;][vc_column_inner el_class=&#8221;col-md-3 col-sm-6 col-xs-12 opacity-title&#8221; width=&#8221;1\/4&#8243; css=&#8221;.vc_custom_1472111145973{padding-top: 10px !important;padding-bottom: 10px !important;}&#8221;][g5plus_icon_box icon_position=&#8221;align-left&#8221; icon_size=&#8221;s-small&#8221; content_size=&#8221;c-small&#8221; icon_color=&#8221;ico-light-color&#8221; layout_color=&#8221;light-color&#8221; icon_font=&#8221;fas fa-phone&#8221; title=&#8221;TELEFONE&#8221; description=&#8221;+55 92 99604-6290&#8243;][\/vc_column_inner][vc_column_inner el_class=&#8221;col-md-3 col-sm-6 col-xs-12 opacity-title&#8221; width=&#8221;1\/4&#8243; offset=&#8221;vc_col-sm-offset-0&#8243; css=&#8221;.vc_custom_1472111149649{padding-top: 10px !important;padding-bottom: 10px !important;}&#8221;][g5plus_icon_box icon_position=&#8221;align-left&#8221; icon_size=&#8221;s-small&#8221; content_size=&#8221;c-small&#8221; icon_color=&#8221;ico-light-color&#8221; layout_color=&#8221;light-color&#8221; icon_font=&#8221;pe-7s-home&#8221; title=&#8221;R. Elias Ramiro Bentes, 1385&#8243; description=&#8221;Monte das Oliveiras, Manaus &#8211; AM&#8221;][\/vc_column_inner][vc_column_inner el_class=&#8221;col-md-3 col-sm-6 col-xs-12 opacity-title&#8221; width=&#8221;1\/4&#8243; css=&#8221;.vc_custom_1472111153045{padding-top: 10px !important;padding-bottom: 10px !important;}&#8221;][g5plus_icon_box icon_position=&#8221;align-left&#8221; icon_size=&#8221;s-small&#8221; content_size=&#8221;c-small&#8221; icon_color=&#8221;ico-light-color&#8221; layout_color=&#8221;light-color&#8221; icon_font=&#8221;pe-7s-stopwatch&#8221; title=&#8221;Seg-Sab&#8221; description=&#8221;08:00-17:00&#8243;][\/vc_column_inner][vc_column_inner el_class=&#8221;col-md-3 col-sm-6 col-xs-12 opacity-title&#8221; width=&#8221;1\/4&#8243; css=&#8221;.vc_custom_1472111156616{padding-top: 10px !important;padding-bottom: 10px !important;}&#8221;][g5plus_icon_box icon_position=&#8221;align-left&#8221; icon_size=&#8221;s-small&#8221; content_size=&#8221;c-small&#8221; icon_color=&#8221;ico-light-color&#8221; layout_color=&#8221;light-color&#8221; icon_font=&#8221;pe-7s-next-2&#8243; title=&#8221;E-mail&#8221; description=&#8221;adm@bllogistica.com&#8221;][\/vc_column_inner][\/vc_row_inner][\/vc_column][\/vc_row][vc_row][vc_column][vc_gmaps link=&#8221;#E-8_JTNDaWZyYW1lJTIwc3JjJTNEJTIyaHR0cHMlM0ElMkYlMkZ3d3cuZ29vZ2xlLmNvbSUyRm1hcHMlMkZlbWJlZCUzRnBiJTNEJTIxMW0xOCUyMTFtMTIlMjExbTMlMjExZDM5ODQuMzMyNTY5MDAzNTU1NCUyMTJkLTYwLjAwMzA2NDk4NTg3NzY0JTIxM2QtMy4wMDQ4OTIyNDA3NjExOTE4JTIxMm0zJTIxMWYwJTIxMmYwJTIxM2YwJTIxM20yJTIxMWkxMDI0JTIxMmk3NjglMjE0ZjEzLjElMjEzbTMlMjExbTIlMjExczB4OTI2YzE5ZWNjNWU3MDdlMyUyNTNBMHg1NWM0YTU3NWUyNDQzMzQ3JTIxMnNCTCUyNTIwTE9HJTI1QzMlMjU4RFNUSUNBJTI1MjBFJTI1MjBTRVJWSSUyNUMzJTI1ODdPUyUyMTVlMCUyMTNtMiUyMTFzcHQtQlIlMjEyc2JyJTIxNHYxNjE0MDU2ODk4OTI3JTIxNW0yJTIxMXNwdC1CUiUyMTJzYnIlMjIlMjB3aWR0aCUzRCUyMjYwMCUyMiUyMGhlaWdodCUzRCUyMjQ1MCUyMiUyMHN0eWxlJTNEJTIyYm9yZGVyJTNBMCUzQiUyMiUyMGFsbG93ZnVsbHNjcmVlbiUzRCUyMiUyMiUyMGxvYWRpbmclM0QlMjJsYXp5JTIyJTNFJTNDJTJGaWZyYW1lJTNF&#8221;][\/vc_column][\/vc_row]<\/p>\n","protected":false},"excerpt":{"rendered":"<p>[vc_row layout=&#8221;container&#8221; css=&#8221;.vc_custom_1473751839006{margin-top: 70px !important;}&#8221;][vc_column][g5plus_heading title=&#8221;ENTRAR EM CONTATO&#8221; heading_full=&#8221;&#8221; align=&#8221;center&#8221; frame_color=&#8221;#f9f9f9&#8243; color_scheme=&#8221;light&#8221;][vc_column_text el_class=&#8221;max-width-800 text-center line-30&#8243; css=&#8221;.vc_custom_1613877815122{margin-top: 20px !important;}&#8221;]Nos mande um e-mail, solicite uma cota\u00e7\u00e3o para o servi\u00e7o que desejar.[\/vc_column_text][vc_column_text css=&#8221;.vc_custom_1473751826467{margin-top: 45px !important;}&#8221;][\/vc_column_text][\/vc_column][\/vc_row][vc_row css=&#8221;.vc_custom_1473752014906{margin-top: 60px !important;padding-top: 50px !important;padding-bottom: 50px !important;background-color: #1d3052 !important;}&#8221; el_class=&#8221;foreground-color-45&#8243;][vc_column][vc_row_inner layout=&#8221;container&#8221; el_class=&#8221;dark-layout&#8221;][vc_column_inner el_class=&#8221;col-md-3 col-sm-6 col-xs-12 opacity-title&#8221; width=&#8221;1\/4&#8243; css=&#8221;.vc_custom_1472111145973{padding-top: 10px !important;padding-bottom: 10px !important;}&#8221;][g5plus_icon_box icon_position=&#8221;align-left&#8221; [&hellip;]<\/p>\n","protected":false},"author":1,"featured_media":0,"parent":0,"menu_order":0,"comment_status":"closed","ping_status":"closed","template":"","meta":{"footnotes":""},"class_list":["post-2563","page","type-page","status-publish","hentry"],"_links":{"self":[{"href":"https:\/\/bllogistica.com\/index.php?rest_route=\/wp\/v2\/pages\/2563","targetHints":{"allow":["GET"]}}],"collection":[{"href":"https:\/\/bllogistica.com\/index.php?rest_route=\/wp\/v2\/pages"}],"about":[{"href":"https:\/\/bllogistica.com\/index.php?rest_route=\/wp\/v2\/types\/page"}],"author":[{"embeddable":true,"href":"https:\/\/bllogistica.com\/index.php?rest_route=\/wp\/v2\/users\/1"}],"replies":[{"embeddable":true,"href":"https:\/\/bllogistica.com\/index.php?rest_route=%2Fwp%2Fv2%2Fcomments&post=2563"}],"version-history":[{"count":4,"href":"https:\/\/bllogistica.com\/index.php?rest_route=\/wp\/v2\/pages\/2563\/revisions"}],"predecessor-version":[{"id":3071,"href":"https:\/\/bllogistica.com\/index.php?rest_route=\/wp\/v2\/pages\/2563\/revisions\/3071"}],"wp:attachment":[{"href":"https:\/\/bllogistica.com\/index.php?rest_route=%2Fwp%2Fv2%2Fmedia&parent=2563"}],"curies":[{"name":"wp","href":"https:\/\/api.w.org\/{rel}","templated":true}]}}