{"id":1782,"date":"2016-09-07T03:58:36","date_gmt":"2016-09-07T03:58:36","guid":{"rendered":"http:\/\/bllogistica.com\/?page_id=1782"},"modified":"2022-08-24T15:55:32","modified_gmt":"2022-08-24T15:55:32","slug":"home-01","status":"publish","type":"page","link":"https:\/\/bllogistica.com\/","title":{"rendered":"Home 01"},"content":{"rendered":"<p>[vc_row][vc_column][rev_slider_vc alias=&#8221;slider-full-width-1&#8243;][\/vc_column][\/vc_row][vc_row layout=&#8221;container&#8221; css=&#8221;.vc_custom_1481164399554{margin-bottom: 120px !important;}&#8221;][vc_column width=&#8221;1\/2&#8243; el_class=&#8221;col-sm-6 col-xs-12&#8243;][g5plus_space desktop=&#8221;70&#8243; tablet=&#8221;20&#8243; tablet_portrait=&#8221;20&#8243; mobile_landscape=&#8221;20&#8243; mobile=&#8221;20&#8243;][g5plus_heading title=&#8221;A <b>BL LOGISTICA<\/b>&#8221; heading_full=&#8221;&#8221; color_scheme=&#8221;light&#8221;][vc_column_text el_class=&#8221;mg-top-25&#8243;]\u00e9 uma empresa de solu\u00e7\u00f5es log\u00edsticas, nossas atividades de transporte contemplam os modais a\u00e9reo, fluvial e rodovi\u00e1rio para cargas em todo territ\u00f3rio nacional, al\u00e9m de transporte de passageiros, armazenagem e distribui\u00e7\u00e3o de cargas.<\/p>\n<p>Somos homologados como Fiel deposit\u00e1rio pela SEFAZ, o que nos permite a retirar cargas retidas do Posto Alfandeg\u00e1rio, e armazenar em nosso dep\u00f3sito, at\u00e9 que a quest\u00e3o tribut\u00e1ria seja solucionada.<\/p>\n<p>Ser fiel deposit\u00e1rio, \u00e9 um diferencial que ajudar\u00e1 todos os clientes, pois faz com que o processo de libera\u00e7\u00e3o das mercadorias fiquem muito mais r\u00e1pidas.<\/p>\n<p>Somos homologados como transportador rodovi\u00e1rio de medicamentos controlados e n\u00e3o controlados em todo territ\u00f3rio municipal.<\/p>\n<p>Todos os nossos ve\u00edculos s\u00e3o rastreados via sat\u00e9lite com a tecnologia OMNILINK.[\/vc_column_text][\/vc_column][vc_column width=&#8221;1\/2&#8243; el_class=&#8221;mg-negative-top-70 sm-mg-top-40 col-sm-6 col-xs-12&#8243;][vc_column_text]<div role=\"form\" class=\"wpcf7\" id=\"wpcf7-f1789-o1\" lang=\"en-US\" dir=\"ltr\">\n<div class=\"screen-reader-response\"><p role=\"status\" aria-live=\"polite\" aria-atomic=\"true\"><\/p> <ul><\/ul><\/div>\n<form action=\"\/index.php?rest_route=%2Fwp%2Fv2%2Fpages%2F1782#wpcf7-f1789-o1\" method=\"post\" class=\"wpcf7-form init\" novalidate=\"novalidate\" data-status=\"init\">\n<div style=\"display: none;\">\n<input type=\"hidden\" name=\"_wpcf7\" value=\"1789\" \/>\n<input type=\"hidden\" name=\"_wpcf7_version\" value=\"5.3.2\" \/>\n<input type=\"hidden\" name=\"_wpcf7_locale\" value=\"en_US\" \/>\n<input type=\"hidden\" name=\"_wpcf7_unit_tag\" value=\"wpcf7-f1789-o1\" \/>\n<input type=\"hidden\" name=\"_wpcf7_container_post\" value=\"0\" \/>\n<input type=\"hidden\" name=\"_wpcf7_posted_data_hash\" value=\"\" \/>\n<\/div>\n<div class=\"moveco-contact-form form-box\">\n<div class=\"title-box\"><span>SOLICITE UM OR\u00c7AMENTO<\/span><\/div>\n<div class=\"content-box\">\n    <span class=\"wpcf7-form-control-wrap text-352\"><input type=\"text\" name=\"text-352\" value=\"\" size=\"40\" class=\"wpcf7-form-control wpcf7-text wpcf7-validates-as-required moveco-name\" aria-required=\"true\" aria-invalid=\"false\" placeholder=\"Name\" \/><\/span><br \/>\n    <span class=\"wpcf7-form-control-wrap email-215\"><input type=\"email\" name=\"email-215\" value=\"\" size=\"40\" class=\"wpcf7-form-control wpcf7-text wpcf7-email wpcf7-validates-as-required wpcf7-validates-as-email moveco-email\" aria-required=\"true\" aria-invalid=\"false\" placeholder=\"E-mail\" \/><\/span><br \/>\n    <span class=\"wpcf7-form-control-wrap tel-650\"><input type=\"tel\" name=\"tel-650\" value=\"\" size=\"40\" class=\"wpcf7-form-control wpcf7-text wpcf7-tel wpcf7-validates-as-tel moveco-phone\" aria-invalid=\"false\" placeholder=\"Telefone\" \/><\/span><br \/>\n    <span class=\"wpcf7-form-control-wrap textarea-261\"><textarea name=\"textarea-261\" cols=\"40\" rows=\"10\" class=\"wpcf7-form-control wpcf7-textarea wpcf7-validates-as-required moveco-description\" aria-required=\"true\" aria-invalid=\"false\" placeholder=\"Em que podemos ajudar?\"><\/textarea><\/span><br \/>\n    <input type=\"submit\" value=\"ENVIAR\" class=\"wpcf7-form-control wpcf7-submit moveco-submit\" \/>\n<\/div>\n<\/div>\n<div class=\"wpcf7-response-output\" aria-hidden=\"true\"><\/div><\/form><\/div>[\/vc_column_text][\/vc_column][\/vc_row][vc_row css=&#8221;.vc_custom_1473757893014{background-image: url(http:\/\/bllogistica.com\/wp-content\/uploads\/2016\/08\/moveco-01.jpg?id=1729) !important;background-position: center !important;background-repeat: no-repeat !important;background-size: cover !important;}&#8221; el_class=&#8221;foreground-color-45 services-block rtl-rotate-background&#8221;][vc_column][vc_row_inner layout=&#8221;container-fluid&#8221; el_class=&#8221;rtl-rotate-background-return&#8221;][vc_column_inner el_class=&#8221;col-md-8 col-sm-12 pd-50-30&#8243; width=&#8221;2\/3&#8243; css=&#8221;.vc_custom_1473321151448{background-color: rgba(255,255,255,0.9) !important;*background-color: rgb(255,255,255) !important;}&#8221;][g5plus_icon_box layout=&#8221;icon-transparent&#8221; icon_position=&#8221;align-left&#8221; icon_size=&#8221;s-medium&#8221; icon_color=&#8221;ico-dark-color&#8221; icon_font=&#8221;flaticon-house&#8221; title=&#8221;ENTREGA DE PRODUTOS&#8221; description=&#8221;A BL Log\u00edstica, busca sempre fazer o melhor para otimiza\u00e7\u00e3o dos seus servi\u00e7os em um curto prazo de tempo na entrega de suas mercadorias.&#8221; el_class=&#8221;col-md-6&#8243;][g5plus_icon_box layout=&#8221;icon-transparent&#8221; icon_position=&#8221;align-left&#8221; icon_size=&#8221;s-medium&#8221; icon_color=&#8221;ico-dark-color&#8221; icon_font=&#8221;flaticon-package&#8221; title=&#8221;Armazenagem de cargas&#8221; description=&#8221;Fazemos armazenagem de cargas, exceto produtos perigosos. Possu\u00edmos total seguran\u00e7a e zelo por sua mercadoria.&#8221; el_class=&#8221;col-md-6 sm-mg-top-25&#8243;][g5plus_icon_box layout=&#8221;icon-transparent&#8221; icon_position=&#8221;align-left&#8221; icon_size=&#8221;s-medium&#8221; icon_color=&#8221;ico-dark-color&#8221; icon_font=&#8221;flaticon-paper-plane&#8221; title=&#8221;Transporte de passageiros&#8221; description=&#8221;A BL Log\u00edstica tamb\u00e9m cuida da log\u00edstica de transporte de pessoas, seja ela para fins recreativos ou para transporte de funcion\u00e1rios seguindo todas as normais e hor\u00e1rios estipulados pelas empresas.&#8221; el_class=&#8221;col-md-6 clear&#8221; css=&#8221;.vc_custom_1625487660407{margin-top: 25px !important;}&#8221;][g5plus_icon_box layout=&#8221;icon-transparent&#8221; icon_position=&#8221;align-left&#8221; icon_size=&#8221;s-medium&#8221; icon_color=&#8221;ico-dark-color&#8221; icon_font=&#8221;flaticon-trolley&#8221; title=&#8221;TRANSPORTE&#8221; description=&#8221;Faremos seu transporte seja ele terrestre, mar\u00edtimo ou a\u00e9reo com a maior agilidade e seguran\u00e7a poss\u00edvel.&#8221; el_class=&#8221;col-md-6&#8243; css=&#8221;.vc_custom_1625487710493{margin-top: 25px !important;}&#8221;][\/vc_column_inner][vc_column_inner el_class=&#8221;col-md-4 col-sm-12&#8243; width=&#8221;1\/3&#8243; css=&#8221;.vc_custom_1472523849454{padding-left: 60px !important;}&#8221;][g5plus_heading title=&#8221;Servi\u00e7os de Entrega&#8221; heading_full=&#8221;yes&#8221; frame_color=&#8221;rgba(255,255,255,0.1)&#8221; frame_width=&#8221;80&#8243; frame_align=&#8221;frame-right&#8221;][vc_column_text css=&#8221;.vc_custom_1623018979693{margin-top: 40px !important;}&#8221; el_class=&#8221;text-color-white&#8221;]<\/p>\n<div><strong>TRANSPORTE RODOVI\u00c1RIO:<\/strong><\/div>\n<div>Com o modal rodovi\u00e1rio, as mercadorias podem ser transportadas de forma\u00a0r\u00e1pida para curtas dist\u00e2ncias. Al\u00e9m disso,\u00a0\u00e9 o modal de transporte mais vers\u00e1til para\u00a0transportar os mais diversos tipos de mercadorias.<\/div>\n<div><\/div>\n<p>&nbsp;<\/p>\n<div>\n<div><strong>TRANSPORTE FLUVIAL:<\/strong><\/div>\n<div>Uma caracter\u00edstica positiva desse meio de transporte \u00e9 o baixo custo, realizado atrav\u00e9s de cabotagem, barcos, navios, etc.<\/div>\n<\/div>\n<div><\/div>\n<p>&nbsp;<\/p>\n<div>\n<div><strong>TRANSPORTE A\u00c9REO:<\/strong><\/div>\n<div>\u00c9 ideal para locomover produtos eletr\u00f4nicos, fr\u00e1geis ou com curto prazo de validade.<\/div>\n<\/div>\n<div><\/div>\n<p>[\/vc_column_text][\/vc_column_inner][\/vc_row_inner][\/vc_column][\/vc_row][vc_row css=&#8221;.vc_custom_1472526975469{padding-bottom: 80px !important;background-color: #1d3052 !important;}&#8221;][vc_column][g5plus_heading title=&#8221;NOSSOS SERVI\u00c7OS&#8221; heading_full=&#8221;&#8221; size=&#8221;md&#8221; align=&#8221;center&#8221; frame_color=&#8221;rgba(255,255,255,0.1)&#8221; frame_align=&#8221;frame-top&#8221;][\/vc_column][\/vc_row][vc_row layout=&#8221;container&#8221; css=&#8221;.vc_custom_1473222023006{margin-top: -65px !important;}&#8221;][vc_column][g5plus_portfolio layout=&#8221;masonry&#8221; show_category=&#8221;text-center&#8221; category_color_scheme=&#8221;cat-scheme-light&#8221; items=&#8221;6&#8243; show_paging=&#8221;0&#8243; padding=&#8221;padding-5&#8243; category=&#8221;bathroom,hallway,living-room,entrega,transporte&#8221;][\/vc_column][\/vc_row][vc_row layout=&#8221;container&#8221;][vc_column][g5plus_space desktop=&#8221;80&#8243; tablet=&#8221;70&#8243; tablet_portrait=&#8221;60&#8243; mobile_landscape=&#8221;50&#8243; mobile=&#8221;40&#8243;][g5plus_heading title=&#8221;NOSSOS CLIENTES&#8221; heading_full=&#8221;&#8221; align=&#8221;center&#8221; frame_height=&#8221;frame-20&#8243; color_scheme=&#8221;light&#8221;][vc_column_text css=&#8221;.vc_custom_1613283921679{margin-top: 25px !important;}&#8221; el_class=&#8221;max-width-640 text-center&#8221;][\/vc_column_text][g5plus_space desktop=&#8221;50&#8243; tablet=&#8221;40&#8243; tablet_portrait=&#8221;40&#8243; mobile_landscape=&#8221;40&#8243; mobile=&#8221;40&#8243;][g5plus_partner columns=&#8221;6&#8243; is_slider=&#8221;yes&#8221; nav=&#8221;yes&#8221; partners=&#8221;%5B%7B%22images%22%3A%223075%22%7D%2C%7B%22images%22%3A%223078%22%7D%2C%7B%22images%22%3A%223080%22%7D%2C%7B%22images%22%3A%223077%22%7D%2C%7B%22images%22%3A%223076%22%7D%2C%7B%22images%22%3A%223079%22%7D%2C%7B%22images%22%3A%223094%22%7D%5D&#8221;][g5plus_space desktop=&#8221;50&#8243; tablet=&#8221;40&#8243; tablet_portrait=&#8221;40&#8243; mobile_landscape=&#8221;40&#8243; mobile=&#8221;40&#8243;][\/vc_column][\/vc_row][vc_row css=&#8221;.vc_custom_1472466830369{padding-top: 50px !important;padding-bottom: 50px !important;background-color: #1d3052 !important;}&#8221; el_class=&#8221;foreground-color-45&#8243;][vc_column][vc_row_inner layout=&#8221;container&#8221; el_class=&#8221;dark-layout&#8221;][vc_column_inner el_class=&#8221;col-md-3 col-sm-6 col-xs-12 opacity-title&#8221; width=&#8221;1\/4&#8243; css=&#8221;.vc_custom_1472111145973{padding-top: 10px !important;padding-bottom: 10px !important;}&#8221;][g5plus_icon_box icon_position=&#8221;align-left&#8221; icon_size=&#8221;s-small&#8221; content_size=&#8221;c-small&#8221; icon_color=&#8221;ico-light-color&#8221; layout_color=&#8221;light-color&#8221; icon_font=&#8221;pe-7s-headphones&#8221; title=&#8221;TELEFONE&#8221; description=&#8221;+55 92 9 98600-9840&#8243;][\/vc_column_inner][vc_column_inner el_class=&#8221;col-md-3 col-sm-6 col-xs-12 opacity-title&#8221; width=&#8221;1\/4&#8243; offset=&#8221;vc_col-sm-offset-0&#8243; css=&#8221;.vc_custom_1472111149649{padding-top: 10px !important;padding-bottom: 10px !important;}&#8221;][g5plus_icon_box icon_position=&#8221;align-left&#8221; icon_size=&#8221;s-small&#8221; content_size=&#8221;c-small&#8221; icon_color=&#8221;ico-light-color&#8221; layout_color=&#8221;light-color&#8221; icon_font=&#8221;pe-7s-home&#8221; title=&#8221;R. Elias Ramiro Bentes, 1385&#8243; description=&#8221;Monte das Oliveiras, Manaus &#8211; AM&#8221;][\/vc_column_inner][vc_column_inner el_class=&#8221;col-md-3 col-sm-6 col-xs-12 opacity-title&#8221; width=&#8221;1\/4&#8243; css=&#8221;.vc_custom_1472111153045{padding-top: 10px !important;padding-bottom: 10px !important;}&#8221;][g5plus_icon_box icon_position=&#8221;align-left&#8221; icon_size=&#8221;s-small&#8221; content_size=&#8221;c-small&#8221; icon_color=&#8221;ico-light-color&#8221; layout_color=&#8221;light-color&#8221; icon_font=&#8221;pe-7s-angle-left-circle&#8221; title=&#8221;Seg-Sex&#8221; description=&#8221;08:00-17:00&#8243;][\/vc_column_inner][vc_column_inner el_class=&#8221;col-md-3 col-sm-6 col-xs-12 opacity-title&#8221; width=&#8221;1\/4&#8243; css=&#8221;.vc_custom_1472111156616{padding-top: 10px !important;padding-bottom: 10px !important;}&#8221;][g5plus_icon_box icon_position=&#8221;align-left&#8221; icon_size=&#8221;s-small&#8221; content_size=&#8221;c-small&#8221; icon_color=&#8221;ico-light-color&#8221; layout_color=&#8221;light-color&#8221; icon_font=&#8221;pe-7s-back-2&#8243; title=&#8221;E-mail&#8221; description=&#8221;adm@bllogistica.com&#8221;][\/vc_column_inner][\/vc_row_inner][\/vc_column][\/vc_row]<\/p>\n","protected":false},"excerpt":{"rendered":"<p>[vc_row][vc_column][rev_slider_vc alias=&#8221;slider-full-width-1&#8243;][\/vc_column][\/vc_row][vc_row layout=&#8221;container&#8221; css=&#8221;.vc_custom_1481164399554{margin-bottom: 120px !important;}&#8221;][vc_column width=&#8221;1\/2&#8243; el_class=&#8221;col-sm-6 col-xs-12&#8243;][g5plus_space desktop=&#8221;70&#8243; tablet=&#8221;20&#8243; tablet_portrait=&#8221;20&#8243; mobile_landscape=&#8221;20&#8243; mobile=&#8221;20&#8243;][g5plus_heading title=&#8221;A BL LOGISTICA&#8221; heading_full=&#8221;&#8221; color_scheme=&#8221;light&#8221;][vc_column_text el_class=&#8221;mg-top-25&#8243;]\u00e9 uma empresa de solu\u00e7\u00f5es log\u00edsticas, nossas atividades de transporte contemplam os modais a\u00e9reo, fluvial e rodovi\u00e1rio para cargas em todo territ\u00f3rio nacional, al\u00e9m de transporte de passageiros, armazenagem e distribui\u00e7\u00e3o de cargas. Somos homologados como [&hellip;]<\/p>\n","protected":false},"author":1,"featured_media":0,"parent":0,"menu_order":0,"comment_status":"closed","ping_status":"closed","template":"","meta":{"footnotes":""},"class_list":["post-1782","page","type-page","status-publish","hentry"],"_links":{"self":[{"href":"https:\/\/bllogistica.com\/index.php?rest_route=\/wp\/v2\/pages\/1782","targetHints":{"allow":["GET"]}}],"collection":[{"href":"https:\/\/bllogistica.com\/index.php?rest_route=\/wp\/v2\/pages"}],"about":[{"href":"https:\/\/bllogistica.com\/index.php?rest_route=\/wp\/v2\/types\/page"}],"author":[{"embeddable":true,"href":"https:\/\/bllogistica.com\/index.php?rest_route=\/wp\/v2\/users\/1"}],"replies":[{"embeddable":true,"href":"https:\/\/bllogistica.com\/index.php?rest_route=%2Fwp%2Fv2%2Fcomments&post=1782"}],"version-history":[{"count":53,"href":"https:\/\/bllogistica.com\/index.php?rest_route=\/wp\/v2\/pages\/1782\/revisions"}],"predecessor-version":[{"id":3121,"href":"https:\/\/bllogistica.com\/index.php?rest_route=\/wp\/v2\/pages\/1782\/revisions\/3121"}],"wp:attachment":[{"href":"https:\/\/bllogistica.com\/index.php?rest_route=%2Fwp%2Fv2%2Fmedia&parent=1782"}],"curies":[{"name":"wp","href":"https:\/\/api.w.org\/{rel}","templated":true}]}}